{"id":136,"date":"2014-05-21T16:41:12","date_gmt":"2014-05-21T14:41:12","guid":{"rendered":"http:\/\/www.wartist.org\/blog\/?page_id=136"},"modified":"2018-04-04T14:06:57","modified_gmt":"2018-04-04T12:06:57","slug":"uber-den-autorabout-the-author","status":"publish","type":"page","link":"https:\/\/www.wartist.org\/blog\/?page_id=136","title":{"rendered":"\u00dcber den Autor"},"content":{"rendered":"<p><\/p>\n<h1><strong>Martin Bayer<\/strong><\/h1>\n<h2><strong><span style=\"text-decoration: underline;\">Themen<\/span><\/strong><\/h2>\n<ul>\n<li>Krieg als Thema in der Kunst<\/li>\n<li>Krieg und Erinnerungskultur<\/li>\n<li>Krieg in Filmen und Computerspielen<\/li>\n<li>Verteidigungsindustrie, Sicherheitspolitik<\/li>\n<\/ul>\n<h2><strong><span style=\"text-decoration: underline;\">Arbeitsbereiche<\/span><\/strong><\/h2>\n<ul>\n<li>Kuratierung von Ausstellungen<\/li>\n<li>Kunstvermittlung<\/li>\n<li>Vortr\u00e4ge, Studien, Analysen<\/li>\n<li>Politische Bildungsarbeit\n<ul>\n<li>Rahmenvertrag mit dem <a title=\"Deutscher Bundestag\" href=\"http:\/\/www.bundestag.de\/\" target=\"_blank\" rel=\"noopener\"><em>Deutschen Bundestag<\/em><\/a>, Berlin<\/li>\n<li>Gutachten f\u00fcr die <a title=\"Bundeszentrale f\u00fcr politische Bildung\" href=\"http:\/\/www.bpb.de\/\" target=\"_blank\" rel=\"noopener\"><em>Bundeszentrale f\u00fcr politische Bildung<\/em><\/a> (bpb), Bonn<\/li>\n<li>Vortr\u00e4ge und Moderationen f\u00fcr politische Bildungstr\u00e4ger<\/li>\n<li>Mitgr\u00fcnder &#8222;Arbeitsgruppe Neue Medien f\u00fcr Kids&#8220; (Edutainmentsoftware, 1994-98)<\/li>\n<\/ul>\n<\/li>\n<li>Fotografie\n<ul>\n<li>1992-1994 Ausbildung zum Fotografen am <a title=\"Lette-Verein\" href=\"http:\/\/www.lette-verein.de\/\" target=\"_blank\" rel=\"noopener\">Lette-Verein<\/a>, Berlin<\/li>\n<\/ul>\n<\/li>\n<\/ul>\n<h2><strong><span style=\"text-decoration: underline;\">Kuratierung von Ausstellungen<\/span><\/strong><\/h2>\n<ul>\n<li><a title=\"Bayerisches Armeemuseum\" href=\"http:\/\/www.armeemuseum.de\" target=\"_blank\" rel=\"noopener\">Bayerisches Armeemuseum<\/a>, Ingolstadt\n<ul>\n<li>5\/2013<a title=\"Landscapes &amp; Memory (Wartist)\" href=\"https:\/\/www.wartist.org\/blog\/?p=1375\"><i> Landscapes &amp; Memory<\/i><\/a>: Fotografien von <a title=\"Jo R\u00f6ttger\" href=\"http:\/\/www.joroettger.com\" target=\"_blank\" rel=\"noopener\">Jo R\u00f6ttger<\/a><\/li>\n<\/ul>\n<\/li>\n<li><a title=\"ARD-Hauptstadtstudio\" href=\"http:\/\/www.ard-hauptstadtstudio.de\/\" target=\"_blank\" rel=\"noopener\">ARD-Hauptstadtstudio<\/a>, Berlin\n<ul>\n<li>1\/2013 <a title=\"Peaceful Places (Wartist)\" href=\"https:\/\/www.wartist.org\/blog\/?p=1251\"><i>Peaceful Places<\/i><\/a>: Gem\u00e4lde von Henning Kappenberg<\/li>\n<li>2\/2012 <i><a title=\"Die Prosa der Ereignisse (Wartist)\" href=\"https:\/\/www.wartist.org\/blog\/?p=996\">Die Prosa der Ereignisse<\/a>:<\/i> Arbeiten von <a title=\"Jens Kloppmann\" href=\"http:\/\/www.kloppmann.org\/\" target=\"_blank\" rel=\"noopener\">Jens Kloppmann<\/a><\/li>\n<li>9\/2011<a title=\"Zeitenwende (Wartist)\" href=\"https:\/\/www.wartist.org\/blog\/?p=931\"><i> Zeitenwende &#8211; K\u00fcnstlerische Positionen zu <\/i><em>zehn Jahren 9\/11<\/em><\/a><\/li>\n<li>7\/2011<i><a title=\"Konfliktstoff Deutschland (Wartist)\" href=\"https:\/\/www.wartist.org\/blog\/?p=926\"> Konfliktstoff Deutschland<\/a>:<\/i> Arbeiten von <a title=\"Jan Bej\u0161ovec\" href=\"http:\/\/www.konfliktstoff.org\" target=\"_blank\" rel=\"noopener\">Jan Bej\u0161ovec<\/a><\/li>\n<\/ul>\n<\/li>\n<li><a title=\"Haus der Kulturen der Welt\" href=\"http:\/\/hkw.de\" target=\"_blank\" rel=\"noopener\">Haus der Kulturen der Welt<\/a>, Berlin\n<ul>\n<li>12\/2011 <a title=\"6:57 P.M. (Wartist)\" href=\"https:\/\/www.wartist.org\/blog\/?p=965\"><em>6:57 P.M.<\/em><\/a>: Videoinstallation von <a title=\"Jens Kloppmann\" href=\"http:\/\/www.kloppmann.org\/\" target=\"_blank\" rel=\"noopener\">Jens Kloppmann<\/a> zur Konferenz <a title=\"Memorial Mania (HKW)\" href=\"http:\/\/www.hkw.de\/de\/programm\/2011\/andere2011\/veranstaltungen_53180\/veranstaltungsdetail_67251.php\" target=\"_blank\" rel=\"noopener\">&#8222;Memorial Mania&#8220;<\/a><\/li>\n<\/ul>\n<\/li>\n<li><a title=\"Republik Movida\" href=\"http:\/\/www.republik-movida.de\/\" target=\"_blank\" rel=\"noopener\">republik movida<\/a>, Berlin\n<ul>\n<li>3\/2011 <i><a title=\"Im Verborgenen\" href=\"https:\/\/www.wartist.org\/blog\/?p=870\">Im Verborgenen<\/a>:<\/i> Arbeiten von <a title=\"Simon Menner\" href=\"http:\/\/www.simonmenner.com\/\" target=\"_blank\" rel=\"noopener\">Simon Menner<\/a><\/li>\n<li>10\/2010 <a title=\"Erinnerungen (Wartist)\" href=\"https:\/\/www.wartist.org\/blog\/?p=723\"><i>Erinnerungen<\/i><\/a>: Fotografien von J\u00fcrgen Graetz<\/li>\n<li>5\/2010 <a title=\"Konfliktstoff (Wartist)\" href=\"https:\/\/www.wartist.org\/blog\/?p=576\"><i>Textilkunst aus Konfliktstoff<\/i><\/a>: textile Arbeiten von <a title=\"Jan Bej\u0161ovec\" href=\"http:\/\/www.konfliktstoff.org\" target=\"_blank\" rel=\"noopener\">Jan Bej\u0161ovec<\/a><\/li>\n<\/ul>\n<\/li>\n<\/ul>\n<h2><strong><span style=\"text-decoration: underline;\">Eigene Kunstprojekte<\/span><\/strong><\/h2>\n<ul>\n<li><a title=\"Torgauer Kunst- und Kulturverein\" href=\"http:\/\/www.kleine-galerie-torgau.de\" target=\"_blank\" rel=\"noopener\">Torgauer Kunst- und Kulturverein<\/a>, Torgau\n<ul>\n<li>2\/2014 <em>grounded\/airborne:<\/em> Einzelausstellung<\/li>\n<\/ul>\n<\/li>\n<li><a title=\"Chemnitzer K\u00fcnstlerbund\" href=\"http:\/\/www.ckbev.de\/\" target=\"_blank\" rel=\"noopener\">Chemnitzer K\u00fcnstlerbund<\/a>, Chemnitz\n<ul>\n<li>2\/2013<a title=\"2+2\/Ph\u00f6nix Chemnitz (Wartist)\" href=\"https:\/\/www.wartist.org\/blog\/?p=1313\"><i> 2+2\/Ph\u00f6nix Chemnitz<\/i><\/a>: Gruppenausstellung zum Friedenstag<\/li>\n<\/ul>\n<\/li>\n<li><a title=\"Phoenix BB ArtSpace\" href=\"http:\/\/phoenix-bb.com\/\" target=\"_blank\" rel=\"noopener\">Phoenix-BB Artspace<\/a>, Berlin\n<ul>\n<li>6\/2011 <em>Gelb<\/em>: Beteiligung an der Gruppenausstellung &#8222;.tmp&#8220;<\/li>\n<\/ul>\n<\/li>\n<li><a title=\"Kunsthalle Dominikanerkirche\" href=\"http:\/\/www.osnabrueck.de\/6687.asp\" target=\"_blank\" rel=\"noopener\">Kunsthalle Dominikanerkirche<\/a>, Osnabr\u00fcck\n<ul>\n<li>4\/2009<i> Bilderschlachten \u2013 2000 Jahre Nachrichten aus dem Krieg<\/i>: Exponate f\u00fcr die Ausstellung<\/li>\n<\/ul>\n<\/li>\n<li><span style=\"text-decoration: underline;\">Aktuelle Projekte<\/span>\n<ul>\n<li><em>The Poppy People<\/em>: Fotoprojekt \u00fcber die Freiwilligen der &#8222;Royal British Legion&#8220;, London<\/li>\n<li><a title=\"Grounded (Wartist)\" href=\"https:\/\/www.wartist.org\/blog\/?p=1348\" target=\"_blank\" rel=\"noopener\"><em>Grounded<\/em><\/a>: Fotoprojekt \u00fcber alte Milit\u00e4rflugzeuge, diverse Orte<\/li>\n<li><em>Sound Images<\/em>: Fotoprojekt \u00fcber Kriegsspuren am Meeresgrund<\/li>\n<\/ul>\n<\/li>\n<\/ul>\n<h2><strong><span style=\"text-decoration: underline;\">Studien und Publikationen<\/span><\/strong><\/h2>\n<ul>\n<li>(2014) Essay im Konferenzreader &#8222;World War I &#8211; A Global Legacy&#8220;, University of Sunderland, UK<\/li>\n<li>(2014)&nbsp;<em>The Unsurprising Surprise of Total War<br \/>\n<\/em>Essay im Konferenzreader &#8222;On the Eve of the Great War: Political Concepts, Conspiracies and Theories&#8220;, Milko Kos Historical Institut, University of Ljubljana, Slowenien<\/li>\n<li>06\/2014 <em>Ein Kunstwerk, wie es M\u00e4nnern Freude macht<\/em><br \/>\nEssay im Ausstellungskatalog &#8222;Mahnung und Verlockung \u2013 Die Kriegsbildwelten der K\u00e4the Kollwitz und Kata Legrady&#8220;, <a title=\"K\u00e4the-Kollwitz-Museum\" href=\"http:\/\/www.kaethe-kollwitz.de\" target=\"_blank\" rel=\"noopener\">K\u00e4the-Kollwitz-Museum<\/a>, Berlin<\/li>\n<li>6\/2014 <em>Der Erste Weltkrieg im Computerspiel: Valiant Hearts<br \/>\n<\/em>Gaming-Interview, Welt online<\/li>\n<li>06\/2014 <em>Den Ersten Weltkrieg spielen?!<br \/>\n<\/em>Essay, Goethe-Institut, M\u00fcnchen<\/li>\n<li>04\/2014 <em>Der Erste Weltkrieg in der internationalen Erinnerung<br \/>\n<\/em>Essay in \u201eAus Politik und Zeitgeschichte\u201c 16-17\/2014, Bundeszentrale f\u00fcr politische Bildung, Bonn<\/li>\n<li>03\/2014<em> Hier spricht der Krieg \u2013 100 Jahre Erster Weltkrieg<br \/>\n<\/em>Essay im &#8222;bpb:magazin&#8220; 1\/2014, Bundeszentrale f\u00fcr politische Bildung, Bonn<\/li>\n<li>01\/2014 <em>Der Erste Weltkrieg als Thema internationaler Geschichtspolitik<br \/>\n<\/em>Studie f\u00fcr das <a title=\"IFA\" href=\"http:\/\/www.ifa.de\/\" target=\"_blank\" rel=\"noopener\">Institut f\u00fcr Auslandsbeziehungen (ifa)<\/a>, Stuttgart mit Handlungsempfehlungen f\u00fcr das <a title=\"Ausw\u00e4rtiges Amt\" href=\"http:\/\/www.auswaertiges-amt.de\" target=\"_blank\" rel=\"noopener\">Ausw\u00e4rtige Amt<\/a>, Berlin<\/li>\n<li>5\/2013 <em>Landscapes &amp; Memory &#8211; Fotografien von Jo R\u00f6ttger<br \/>\n<\/em>Essay (Peperoni Books, ISBN 978-3941825482)<\/li>\n<li>9\/2011 <em>Zeitenwende &#8211; K\u00fcnstlerische Positionen zu zehn Jahren 9\/11<br \/>\n<\/em>Herausgeber der Publikation (Trade Focus, ISBN 978-3-9810240-5-0)<\/li>\n<li>4\/2011 <em>Capacity Building und Kooperationen zur Expertenqualifizierung in Deutschland<br \/>\n<\/em>Studie \u00fcber Nuklearexpertenqualifizierung, <a title=\"GIZ\" href=\"http:\/\/www.giz.de\" target=\"_blank\" rel=\"noopener\">Deutsche Gesellschaft f\u00fcr Internationale Zusammenarbeit (GIZ)<\/a>, Eschborn<\/li>\n<li>6\/2010 <i>Computerkriegsspiele, Realismus und<\/i> Realit\u00e4t<br \/>\nEssay in<i> &#8222;<\/i>Krieg und Literatur vol. XV &#8211; Wahrheitsmaschinen&#8220; (Vandenhoeck &amp; Ruprecht, ISBN 978-3899715903)<\/li>\n<li>4\/2009 Bilderschlachten<i> \u2013 2000 Jahre Nachrichten aus dem Krieg<br \/>\n<\/i>Exponate im Ausstellungskatalog (V&amp;R, ISBN 978-3525367599)<\/li>\n<li>8\/2006 <i>Making Real War: On the Convergence of COTS War Games with Military<\/i><em> Simulations<br \/>\n<\/em>Essay in &#8222;Cyberwar, Netwar, and the RMA&#8220; (Palgrave Macmillan, ISBN 1403987173)<i><br \/>\n<\/i><\/li>\n<li>12\/2004 <i>Playing War in Computer Games: The Battle with<\/i> Reality<br \/>\nEssay in &#8222;War and Virtual War \u2013 The Challenge to Communities&#8220; (Rodopi, ISBN 9042019336)<\/li>\n<li>7\/2003 <em>Strategie und strategisches Denken<\/em><br \/>\nWeiterentwicklung des Kursmoduls f\u00fcr den Generalstabs-\/Admiralstabslehrgang, <a title=\"F\u00fcAkBw\" href=\"http:\/\/www.fueakbw.de\/\" target=\"_blank\" rel=\"noopener\">F\u00fchrungsakademie der Bundeswehr (F\u00fcAkBw)<\/a><\/li>\n<\/ul>\n<h2><strong><span style=\"text-decoration: underline;\">Vortr\u00e4ge und Moderationen<br \/>\n<\/span><\/strong><\/h2>\n<ul>\n<li>10\/2014 <em>Ein Kunstwerk, wie es M\u00e4nnern Freude macht &#8211; 100 Jahre Krieg im Spiegel der Kunst<\/em><br \/>\nVortrag im Begleitprogramm der Ausstellung &#8222;Mahnung und Verlockung \u2013 Die Kriegsbildwelten der K\u00e4the Kollwitz und Kata Legrady&#8220;, <a title=\"K\u00e4the-Kollwitz-Museum\" href=\"http:\/\/www.kaethe-kollwitz.de\" target=\"_blank\" rel=\"noopener\">K\u00e4the-Kollwitz-Museum<\/a>, Berlin<\/li>\n<li>9\/2014 <em>Geschichte und Gedenken \u2013 100 Jahre Erster Weltkrieg: Was hat das mit mir zu tun?<\/em><br \/>\n<a title=\"Historikertag (Sch\u00fclersektion)\" href=\"http:\/\/www.historikertag.de\/Goettingen2014\/schulersektionen\" target=\"_blank\" rel=\"noopener\">50. Deutscher Historikertag, Sch\u00fclersektion<\/a> der K\u00f6rber-Stiftung<\/li>\n<li>9\/2014 <em>Virtueller Weltenbrand: Der Erste Weltkrieg im Computerspiel<\/em><br \/>\nVortrag, Zentrale Landesbibliothek Berlin<\/li>\n<li>7\/2014 <em>Weltkrieg und Wahrnehmung: Mythen des Gro\u00dfen Krieges<\/em><br \/>\nVortrag im Begleitprogramm der Ausstellung &#8222;Krieg und Reaktion&#8220;, <a title=\"OKK\" href=\"http:\/\/www.kritische-kunst.org%20\" target=\"_blank\" rel=\"noopener\">Galerie OKK<\/a>, Berlin<\/li>\n<li>7\/2014<em> Remembering World War I<br \/>\n<\/em>Vortrag auf der Konferenz &#8222;Cultures of Commemoration&#8220;, University of Portsmouth, UK<\/li>\n<li>7\/2014 <em>Art and War from World War I to Today<br \/>\n<\/em>Vortrag auf der Konferenz &#8222;Peace, Conflict and Arts&#8220;, Tutu Peace Centre, Unversity of Liverpool, UK<\/li>\n<li>6\/2014 <em>Der eine Krieg und das trennende Erinnern<\/em><br \/>\nPodiumsdiskussion zusammen mit Prof. Etienne Francois, PD Barbara Christophe und Dr. Jutta Haubold-Stolle, moderiert von Harald Asel; <a title=\"RBB inforadio (Veranstaltungen)\" href=\"http:\/\/www.inforadio.de\/veranstaltungen\/inforadio_veranstaltungen.html%20 \" target=\"_blank\" rel=\"noopener\">rbb-inforadio<\/a><\/li>\n<li>6\/2014 <em>Der Gro\u00dfe Krieg und die europ\u00e4ische Erinnerung<\/em><br \/>\nPodiumsdiskussion zusammen mit Nicolas Offenstadt und Adam Krzeminski, moderiert von Birgit Wentzien<br \/>\nBegr\u00fc\u00dfung durch Serge Lavroff, Generalkonsul der Republik Frankreich in Hamburg<br \/>\n<a title=\"Salon Parlando\" href=\"http:\/\/www.salon-parlando.de%20\" target=\"_blank\" rel=\"noopener\">&#8222;Salon Parlando&#8220;<\/a> der Zeit-Stiftung, Bucerius Law School, Hamburg<\/li>\n<li>5\/2014 <em>Der Beginn des Ersten Weltkriegs &#8211; Eine hochkomplexe Ereigniskette<\/em><br \/>\nInterview mit &#8222;Deutsche Welle&#8220;, Berlin<\/li>\n<li>5\/2014 <em>World War I meets Web 2.0<\/em><br \/>\nWorkshop auf dem &#8222;History Campus Europe 14\/14&#8220; (Bundeszentrale f\u00fcr politische Bildung; Robert-Bosch-Stiftung, K\u00f6rber-Stiftung), Putsch Berlin<\/li>\n<li>5\/2014&nbsp;<em>Erster Weltkrieg \u2013 Vorabend und Folgen<br \/>\n<\/em>Podiumsdiskussion mit Prof. Herfried M\u00fcnkler, Prof. Gerd Krumeich und Dr. Christa P\u00f6ppelmann, moderiert von Dr. Jennifer Schevardo<br \/>\n&#8222;APuZ-Forum&#8220; der Bundeszentrale f\u00fcr politische Bildung (bpb), Berlin<\/li>\n<li>4\/2014 Landscapes<em> &amp; Memory \u2013 Jo R\u00f6ttger und der Krieg<br \/>\n<\/em>Vortrag\/K\u00fcnstlergespr\u00e4ch zur Vernissage, 25 books, Berlin<\/li>\n<li>4\/2014 100<em> Jahre Erster Weltkrieg in der internationalen Wahrnehmung<br \/>\n<\/em>Vortrag zur Finissage der Ausstellung &#8222;grounded\/airborne&#8220;, Kleine Galerie, Torgau<\/li>\n<li>4\/2014 <em>It&#8217;s Not Just a Game! The First World War in Computer Games<\/em><br \/>\nVortrag auf der Konferenz &#8222;The First World War and its Global Legacies&#8220;, University of Sunderland, UK<\/li>\n<li>4\/2014 <em>Same War, Different Attitudes: The First World War and National Cultures of Remembrance<br \/>\n<\/em>Vortrag auf der Konferenz &#8222;The First World War and its Global Legacies&#8220;, University of Sunderland, UK<\/li>\n<li>1\/2014 <em>The First World War in Computer Games<\/em><br \/>\nVortrag auf der Konferenz &#8222;Europeana &#8211; Unlocking Sources&#8220;, Staatsbibliothek, Berlin<\/li>\n<li>1\/2014 <em>Umgang mit der Vergangenheit in Deutschland \/ Umgang mit nationalen Minderheiten<\/em><br \/>\nVortrag f\u00fcr den Vers\u00f6hnungsminister Malis, Friedrich-Ebert-Stiftung, Berlin<\/li>\n<li>12\/2013 <em>The Unsurprising Surprise of Total War<\/em><br \/>\nVortrag auf der Tagung &#8222;On the Eve of the Great War: Political Concepts, Conspiracies and Theories&#8220;, Milko Kos Historical Institut, University of Ljubljana, Slowenien<\/li>\n<li>11\/2013 <em>1914: Lehren f\u00fcr Europa im 21. Jahrhundert<br \/>\n<\/em>Rapporteur der Fachtagung, Landesvertretung Nordrhein-Westfalen, Berlin<\/li>\n<li>6\/2013 <a title=\"Quo vadis Afghanistan? (Wartist)\" href=\"https:\/\/www.wartist.org\/blog\/?p=1391\"><em>Quo vadis Afghanistan?<br \/>\n<\/em><\/a> Moderation einer sicherheitspolitischen Diskussionsrunde mit Thomas Ansorg (GIZ), Eric Povel (NATO), Oberst i.G. J\u00fcrgen-Joachim von Sandrart (BMVg) und Dr. Hussain Yasa (The Daily Afghanistan) im Rahmen der Ausstellung &#8222;Landscapes &amp; Memory&#8220;, Bayerisches Armeemuseum, Ingolstadt<\/li>\n<li>5\/2013 <em>MenschenRechte<\/em>: K\u00fcnstlergespr\u00e4ch mit Jan Bej\u0161ovec, Galerie OKK, Berlin<\/li>\n<li>3\/2013 Deutsche Sicherheits- und Verteidigungspolitik, Vortrag f\u00fcr eine Parlamentarierdelegation der DR Kongo, Friedrich-Ebert-Stiftung, Berlin<\/li>\n<li>2\/2013 <em>Energiesicherheit und Russland<\/em>: Moderation eines Workshops, 11. Bensberger Sicherheitspolitische Gespr\u00e4che, Bundeszentrale f\u00fcr politische Bildung, Bensberg<\/li>\n<li>2\/2013 <em>The German Police System<\/em>: Vortrag f\u00fcr die kenianische Polizeireformkommission, Friedrich-Ebert-Stiftung, Berlin<\/li>\n<li>11\/2012 <i>Space, the Final <\/i>Frontier<i>? On the Militarisation of Outer Space<\/i>: Vortrag im Rahmen der Ausstellung &#8222;Space as Presence&#8220;, interiorDasein, Berlin<\/li>\n<li>9\/2011 <i>\u00c4sthetisierung von Krieg und Gewalt:<\/i> K\u00fcnstlergespr\u00e4ch mit Marius Heckmann, 32. Neuer Berliner Salon<\/li>\n<li>5\/2011 <i>schlachten:<\/i> K\u00fcnstlergespr\u00e4ch mit Jens Kloppmann; Kunstraum Richard Sorge, Berlin<\/li>\n<li>9\/2009 <em>Computerkriegsspiele,<\/em><i> Realismus und Realit\u00e4t<\/i>: Vortrag auf der Konferenz \u201eWahrheitsmaschinen\u201c, Erich-Maria-Remarque Friedenszentrum, Stadthalle Osnabr\u00fcck<\/li>\n<li>8\/2009 <i>Kriegskunst \u2013 Friedenskunst? <\/i>Vortrag, Friedrich-Ebert-Stiftung, Bonn<\/li>\n<li>8\/2009<i> Network-Centric Warfare und Cyber-War: <\/i>Vortrag, Friedrich-Ebert-Stiftung, Bonn<\/li>\n<li>3\/2009 <i>Grundlagen, Optionen und juristische Aspekte der Bundeswehr-Auslandseins\u00e4tze: <\/i>Seminar f\u00fcr den Politik-Leistungskurs, Steiff-Gymnasium, Giengen\/Brenz<\/li>\n<li>12\/2008 <i>The Bomber will always get through? \u2013 Technologie, Kriegsf\u00fchrung<\/i> und Wahrnehmung: Forschungskolloquium f\u00fcr den Studiengang &#8222;Military Studies&#8220;, Milit\u00e4rgeschichtliches Forschungsamt der Bundeswehr, Potsdam<\/li>\n<li>5\/2008 <i>Deutsche Sicherheitspolitik, Innere F\u00fchrung und das Selbstverst\u00e4ndnis der Bundeswehr: <\/i>Seminar f\u00fcr die Verteidigungsministerin Madagaskars und ihre Delegation, Friedrich-Ebert-Stiftung, Berlin<\/li>\n<li>9\/2006 <i>Dual Use \u2013 Eine Notwendigkeit moderner Sicherheitsanforderungen? <\/i>Vortrag auf der Konferenz \u201eInformatik und R\u00fcstung\u201c, Bundesministerium f\u00fcr Bildung und Forschung, Berlin<\/li>\n<li>3\/2006 <i>Dual-use Capabilities<\/i>: Teilnahme am Roundtable des &#8222;Beh\u00f6rdenspiegels&#8220; auf der CeBIT, Hannover<\/li>\n<li>6\/2005 <i>Sicherheitspolitische Entwicklungen \u2013 Perspektive eines Fachjournalisten: <\/i>Vortrag, Akademie der Bundeswehr f\u00fcr Information und Kommunikation (AIKBw), Strausberg<\/li>\n<li>12\/2004<i> Der Verlust der Strategie im Network-Centric Warfare und dem Krieg gegen den Terror<\/i>: Vortrag auf der Konferenz \u201eCountering Terrorism: History, Current Issues and Future Threats\u201c, Berlin<\/li>\n<li>12\/2004 <i>Kriege, Konflikte, Terrorismus \u2013 Was hei\u00dft \u201eKrieg\u201c heute?<\/i> Vortrag auf der Konferenz \u201eWas ist neu an den neuen Kriegen?\u201c, Evangelische Akademie Loccum, Loccum<\/li>\n<li>10\/2004 <i>Issues of Contemporary European Security<\/i>: Seminar f\u00fcr Masterstudenten, China Foreign Affairs University, Prof. Su Hao; Beijing, China<\/li>\n<li>10\/2004<i> Missing the Point: The Lack of Strategy in Contemporary Warfare<\/i>: Vortrag auf der Konferenz&nbsp; \u201e9<sup>th<\/sup> PIIC Seminar on International Security\u201d, ISODARCO, Nanjing, China<\/li>\n<li>11\/2003<i> Computer War Games and the Construction of Reality in the Middle<\/i> East: Vortrag auf der Konferenz&nbsp; \u201e10th DAVO Congress on the Middle East&#8220;, Hamburg<\/li>\n<li>8\/2003 <i>The Future is Now &#8211; 9\/11, CCTV, and Our Brave New<\/i> <em>World<\/em>:<i> <\/i>Vortrag mit Ursula Drees auf der Konferenz \u201eVisions of Humanity in Cyberculture\u201d, interdisciplinary.net, Prag, Tschechische Republik<\/li>\n<li>7\/2003<i> Computer War Games and the Construction of Reality in the Middle<\/i> East: Vortrag auf der Konferenz&nbsp; \u201eThe Media and the Middle East\u201d, Universit\u00e4t St. Gallen, Schweiz<\/li>\n<li>6\/2003 <em>\u201eThat\u2019s the War (We Like It)\u201d \u2013 How \u201eRealistic\u201d Movies and Computer War Games&nbsp; Change the Perception of World War II<\/em>: Vortrag auf der Konferenz \u201eWorld War II \u2013 A 60 Year Perspective\u201d; Siena College, Loudonville, New York, USA<\/li>\n<li>2\/2003 <i>Reality vs. Realism \u2013 War as Interactive Entertainment<\/i>: Vortrag auf der \u201e5<sup>th<\/sup> Conference of the Society for Military and Strategic Studies\u201d, University of Calgary, Kanada<\/li>\n<li>7\/2002 <em>Battling with Reality: Playing War in Computer Games<\/em>: Vortrag auf der Konferenz \u201eWar and Virtual War \u2013 The Challenge to Communities\u201d, Mansfield College, Oxford, UK<\/li>\n<li>11\/2001 <i>Krieg als Unterhaltung: Computerkriegsspiele, Kriegsfilme, professionelle Simulationen und die milit\u00e4rische Realit\u00e4t<\/i>: zweit\u00e4giges Seminar &#8222;Krisen, Krieg und Kameras&#8220;, Friedrich Ebert Stiftung, W\u00fcrzburg<\/li>\n<li>Seit 1994 zahlreiche Vortr\u00e4ge zum Themenkreis \u201cComputerkriegsspiele\u201d, u.a. f\u00fcr <i>Games Convention<\/i> (Leipzig), <i>Edut@in<\/i> (Karlsruhe), <i>Erich-Pommer-Institut\/IDZ <\/i>(Berlin), <i>CeBIT<\/i> (Hannover), <i>Transmediale <\/i>(Berlin), <i>IFA <\/i>(Berlin), <i>15. Bielefelder Symposium<\/i> (Bielefeld),&nbsp;<i>British Council <\/i>(Berlin), <i>2. Kinderfilm- und Fernsehtage <\/i>(Gera)<\/li>\n<\/ul>\n<h2><strong><span style=\"text-decoration: underline;\">Ausbildung<\/span><\/strong><\/h2>\n<ul>\n<li>2003-2004 <a title=\"MPS (IFSH)\" href=\"http:\/\/www.ifsh.de\/index.php\/mps.html\" target=\"_blank\" rel=\"noopener\">Master of Peace and Security Policy Studies<\/a> (<a title=\"IFSH\" href=\"http:\/\/www.ifsh.de\" target=\"_blank\" rel=\"noopener\">IFSH<\/a>\/Universit\u00e4t Hamburg)<\/li>\n<li>2003-2004 <a title=\"War in the Modern World (KCL)\" href=\"http:\/\/www.kcl.ac.uk\/prospectus\/graduate\/war-in-the-modern-world--obr-by-e-learning-cbr-\" target=\"_blank\" rel=\"noopener\">eMA War in the Modern World<\/a> (<a title=\"Department of War Studies (KCL)\" href=\"http:\/\/www.kcl.ac.uk\/sspp\/departments\/warstudies\/index.aspx\" target=\"_blank\" rel=\"noopener\">King&#8217;s College London<\/a>, UK, Pilotkurs)<\/li>\n<li>2000-2003 <a title=\"BA War Studies (KCL)\" href=\"http:\/\/www.kcl.ac.uk\/sspp\/departments\/warstudies\/study\/undergraduate\/index.aspx\" target=\"_blank\" rel=\"noopener\">BA of War Studies<\/a> (<a title=\"Department of War Studies (KCL)\" href=\"http:\/\/www.kcl.ac.uk\/sspp\/departments\/warstudies\/index.aspx\" target=\"_blank\" rel=\"noopener\">King&#8217;s College London<\/a>, UK)<\/li>\n<li>1992-1994 Ausbildung zum Fotografen (<a title=\"Lette-Verein\" href=\"http:\/\/www.lette-verein.de\/\" target=\"_blank\" rel=\"noopener\">Lette-Verein<\/a>, Berlin)<\/li>\n<\/ul>\n<p><strong><span style=\"text-decoration: underline;\">Kontakt:<\/span><\/strong> bayer_AT_wartist.org<\/p>","protected":false},"excerpt":{"rendered":"<p>Martin Bayer Themen Krieg als Thema in der Kunst Krieg und Erinnerungskultur Krieg in Filmen und Computerspielen Verteidigungsindustrie, Sicherheitspolitik Arbeitsbereiche Kuratierung von Ausstellungen Kunstvermittlung Vortr\u00e4ge, Studien, Analysen Politische Bildungsarbeit Rahmenvertrag mit dem Deutschen Bundestag, Berlin Gutachten f\u00fcr die Bundeszentrale f\u00fcr politische Bildung (bpb), Bonn Vortr\u00e4ge und Moderationen f\u00fcr politische Bildungstr\u00e4ger Mitgr\u00fcnder &#8222;Arbeitsgruppe Neue Medien f\u00fcr &hellip; <a href=\"https:\/\/www.wartist.org\/blog\/?page_id=136\" class=\"more-link\"><span class=\"screen-reader-text\">\u201e\u00dcber den Autor\u201c<\/span> weiterlesen<\/a><\/p>\n","protected":false},"author":4,"featured_media":0,"parent":0,"menu_order":1,"comment_status":"open","ping_status":"open","template":"","meta":{"ngg_post_thumbnail":0},"aioseo_notices":[],"_links":{"self":[{"href":"https:\/\/www.wartist.org\/blog\/index.php?rest_route=\/wp\/v2\/pages\/136"}],"collection":[{"href":"https:\/\/www.wartist.org\/blog\/index.php?rest_route=\/wp\/v2\/pages"}],"about":[{"href":"https:\/\/www.wartist.org\/blog\/index.php?rest_route=\/wp\/v2\/types\/page"}],"author":[{"embeddable":true,"href":"https:\/\/www.wartist.org\/blog\/index.php?rest_route=\/wp\/v2\/users\/4"}],"replies":[{"embeddable":true,"href":"https:\/\/www.wartist.org\/blog\/index.php?rest_route=%2Fwp%2Fv2%2Fcomments&post=136"}],"version-history":[{"count":26,"href":"https:\/\/www.wartist.org\/blog\/index.php?rest_route=\/wp\/v2\/pages\/136\/revisions"}],"predecessor-version":[{"id":2087,"href":"https:\/\/www.wartist.org\/blog\/index.php?rest_route=\/wp\/v2\/pages\/136\/revisions\/2087"}],"wp:attachment":[{"href":"https:\/\/www.wartist.org\/blog\/index.php?rest_route=%2Fwp%2Fv2%2Fmedia&parent=136"}],"curies":[{"name":"wp","href":"https:\/\/api.w.org\/{rel}","templated":true}]}}