{"id":3,"date":"2008-07-15T16:24:34","date_gmt":"2008-07-15T14:24:34","guid":{"rendered":"http:\/\/wartist.org\/blog\/?page_id=3"},"modified":"2018-04-04T14:06:01","modified_gmt":"2018-04-04T12:06:01","slug":"uber-wartist","status":"publish","type":"page","link":"https:\/\/www.wartist.org\/blog\/?page_id=3","title":{"rendered":"\u00dcber Wartist"},"content":{"rendered":"<p><strong>Krieg ist ein Menschheitsthema<\/strong> &#8211; seit fr\u00fchester Geschichte t\u00f6ten und verletzen sich die Menschen in organisierter Weise.<\/p>\n<blockquote><p>&#8222;Nur die Toten haben das Ende des Krieges gesehen.&#8220;<br \/>\n(Platon)<\/p><\/blockquote>\n<p>Trotz seiner gro\u00dfen Bedeutung geh\u00f6rt der Krieg zu den wenigen <strong>Tabuthemen<\/strong> in unserer Gesellschaft. Selten flackert allgemeines Interesse auf, z.B. bei einem neuen oder zu verl\u00e4ngernden Einsatz der Streitkr\u00e4fte. Doch bald ist wieder &#8222;Business as usual&#8220;: <strong>Eine echte sicherheitspolitische Diskussion findet nicht statt.<\/strong><\/p>\n<blockquote><p>&#8222;You may not be interested in war, but war is interested in you.&#8220;<br \/>\n(frei nach L. D. Trotski)<\/p><\/blockquote>\n<p>Gern wird hierzulande auf &#8222;die Geschichte&#8220; verwiesen, womit in der Regel die 12 Jahre nationalsozialistischer Gewaltherrschaft gemeint sind. Doch <em>eben darum<\/em> w\u00e4re es fatal, die Augen zu verschlie\u00dfen und sich <em>nicht<\/em> mit Krieg auseinanderzusetzen.<\/p>\n<p>Seit jeher haben sich Menschen mit Krieg k\u00fcnstlerisch befa\u00dft, von den ersten H\u00f6hlenmalereien bis zur zeitgen\u00f6ssischen Kunst. Die Kunst bietet einen vielf\u00e4ltigen Zugang zum Menschheitsthema Krieg.<\/p>\n<p><strong>Das Ziel von Wartist ist es, die Tabuisierung der <em>Auseinandersetzung<\/em> mit Krieg zu beenden &#8211; und <em>nicht<\/em> seiner Anwendung.<\/strong> Als Fernziel soll damit ein Beitrag zur Verbesserung der sicherheitspoltischen Diskussion geleistet werden.<\/p>\n<p>Wartist setzt sich mit Kunst und <em>Krieg<\/em> auseinander. Damit werden Kontroversen nicht ausbleiben. Folgendes Zitat sei vielleicht hilfreich:<\/p>\n<blockquote><p>&#8222;Studying peace would be similar to students of medicine learning how it feels being healthy. On the contrary, they need to learn about the diseases to cure them.&#8220;<br \/>\n(Dr. Barrie Paskins, Department of War Studies, King&#8217;s College London, UK)<\/p><\/blockquote>\n<p><\/p>","protected":false},"excerpt":{"rendered":"<p>Krieg ist ein Menschheitsthema &#8211; seit fr\u00fchester Geschichte t\u00f6ten und verletzen sich die Menschen in organisierter Weise. &#8222;Nur die Toten haben das Ende des Krieges gesehen.&#8220; (Platon) Trotz seiner gro\u00dfen Bedeutung geh\u00f6rt der Krieg zu den wenigen Tabuthemen in unserer Gesellschaft. Selten flackert allgemeines Interesse auf, z.B. bei einem neuen oder zu verl\u00e4ngernden Einsatz der &hellip; <a href=\"https:\/\/www.wartist.org\/blog\/?page_id=3\" class=\"more-link\"><span class=\"screen-reader-text\">\u201e\u00dcber Wartist\u201c<\/span> weiterlesen<\/a><\/p>\n","protected":false},"author":4,"featured_media":0,"parent":0,"menu_order":0,"comment_status":"open","ping_status":"open","template":"","meta":{"ngg_post_thumbnail":0},"aioseo_notices":[],"_links":{"self":[{"href":"https:\/\/www.wartist.org\/blog\/index.php?rest_route=\/wp\/v2\/pages\/3"}],"collection":[{"href":"https:\/\/www.wartist.org\/blog\/index.php?rest_route=\/wp\/v2\/pages"}],"about":[{"href":"https:\/\/www.wartist.org\/blog\/index.php?rest_route=\/wp\/v2\/types\/page"}],"author":[{"embeddable":true,"href":"https:\/\/www.wartist.org\/blog\/index.php?rest_route=\/wp\/v2\/users\/4"}],"replies":[{"embeddable":true,"href":"https:\/\/www.wartist.org\/blog\/index.php?rest_route=%2Fwp%2Fv2%2Fcomments&post=3"}],"version-history":[{"count":3,"href":"https:\/\/www.wartist.org\/blog\/index.php?rest_route=\/wp\/v2\/pages\/3\/revisions"}],"predecessor-version":[{"id":2086,"href":"https:\/\/www.wartist.org\/blog\/index.php?rest_route=\/wp\/v2\/pages\/3\/revisions\/2086"}],"wp:attachment":[{"href":"https:\/\/www.wartist.org\/blog\/index.php?rest_route=%2Fwp%2Fv2%2Fmedia&parent=3"}],"curies":[{"name":"wp","href":"https:\/\/api.w.org\/{rel}","templated":true}]}}